{"id":7944,"date":"2025-09-08T04:04:49","date_gmt":"2025-09-08T10:04:49","guid":{"rendered":"https:\/\/fonikcorporation.com\/the-phoenix-order\/"},"modified":"2025-09-08T20:37:34","modified_gmt":"2025-09-09T02:37:34","slug":"the-phoenix-order","status":"publish","type":"page","link":"https:\/\/fonikcorporation.com\/en\/the-phoenix-order\/","title":{"rendered":"The Phoenix Order"},"content":{"rendered":"<div class=\"wpb-content-wrapper\"><p>[vc_row full_width=&#8221;stretch_row&#8221; kd_fixed_background=&#8221;true&#8221; css=&#8221;.vc_custom_1757304281217{margin-top: -60px !important;margin-bottom: -100px !important;background-image: url(https:\/\/fonikcorporation.com\/wp-content\/uploads\/2025\/09\/fondo4.png?id=7656) !important;background-position: center !important;background-repeat: no-repeat !important;background-size: cover !important;}&#8221; top_section_title=&#8221;&#8221; bottom_section_title=&#8221;&#8221;][vc_column][vc_row_inner][vc_column_inner][vc_empty_space height=&#8221;160px&#8221;][\/vc_column_inner][\/vc_row_inner][vc_row_inner][vc_column_inner width=&#8221;1\/4&#8243;][\/vc_column_inner][vc_column_inner width=&#8221;1\/2&#8243;][vc_single_image image=&#8221;7946&#8243; img_size=&#8221;medium&#8221; alignment=&#8221;center&#8221; css=&#8221;&#8221;][\/vc_column_inner][vc_column_inner width=&#8221;1\/4&#8243;][\/vc_column_inner][\/vc_row_inner][vc_row_inner][vc_column_inner][vc_empty_space height=&#8221;80px&#8221;][\/vc_column_inner][\/vc_row_inner][vc_row_inner][vc_column_inner width=&#8221;1\/2&#8243;]<header class=\"kd-section-title col-lg-12 text-center   gold-text \" ><h2 class=\"separator_off\" >WHAT DOES IT INCLUDE?<\/h2><\/header><div class=\"key-icon-box icon-default icon-top cont-center ib-no-effect   texto-plata\" style=\"background-color: transparent;\" ><i class=\"\" style=\" \"><\/i> <p >\u2022 Physical challenges and healthy habits (nutrition, exercise, rest)<br \/>\n\u2022 Meditation practices, spiritual reflection, and inner healing.<br \/>\n\u2022 Real social service activities in the sectors that Fonik supports.<br \/>\n\u2022 Personal guidance throughout the growth process.<br \/>\n\u2022 Priority access to Fonik\u2019s projects, opportunities, and special events.<\/p><\/div>[\/vc_column_inner][vc_column_inner width=&#8221;1\/2&#8243;]<header class=\"kd-section-title col-lg-12 text-center   gold-text \" ><h2 class=\"separator_off\" >WHO CAN APPLY<\/h2><\/header><div class=\"key-icon-box icon-default icon-top cont-center ib-no-effect   texto-plata\" style=\"background-color: transparent;\" ><i class=\"\" style=\" \"><\/i> <p >This program is open to people who:<br \/>\n\u2022 Want to grow as human beings in all dimensions.<br \/>\n\u2022 Are willing to commit with discipline and openness.<br \/>\n\u2022 Have a heart ready to serve and transform their environment.<br \/>\n\u2022 Seek to leave a positive mark on the world through their authenticity.<\/p>\n<p>There is no age, religion, or academic background limit. Only commitment is required. <\/p><\/div>[\/vc_column_inner][\/vc_row_inner][vc_empty_space height=&#8221;40px&#8221;][vc_separator css=&#8221;&#8221;][vc_empty_space height=&#8221;100px&#8221;][vc_row_inner][vc_column_inner width=&#8221;1\/2&#8243;][vc_single_image image=&#8221;7852&#8243; img_size=&#8221;full&#8221; alignment=&#8221;center&#8221; style=&#8221;vc_box_rounded&#8221; css=&#8221;&#8221;][\/vc_column_inner][vc_column_inner width=&#8221;1\/2&#8243;]<header class=\"kd-section-title col-lg-12 text-center   gold-text \" ><h2 class=\"separator_off\" >HOW TO APPLY?<\/h2><\/header><div class=\"key-icon-box icon-default icon-top cont-center ib-no-effect   texto-plata\" style=\"background-color: transparent;\" ><i class=\"\" style=\" \"><\/i> <p >To apply:<br \/>\nComplete the application form.<br \/>\nWrite a motivational letter or video: Why do you want to be part of ESENCIA?<br \/>\nParticipate in an interview with the mentoring team.<\/p><\/div>[vc_empty_space height=&#8221;40px&#8221;]<header class=\"kd-section-title col-lg-12 text-center   gold-text \" ><h2 class=\"separator_off\" >Apply here<\/h2><\/header><div class=\"kd-contact-form full-width-cf\" >\n<div class=\"wpcf7 no-js\" id=\"wpcf7-f7963-o1\" lang=\"en-US\" dir=\"ltr\" data-wpcf7-id=\"7963\">\n<div class=\"screen-reader-response\"><p role=\"status\" aria-live=\"polite\" aria-atomic=\"true\"><\/p> <ul><\/ul><\/div>\n<form action=\"\/en\/wp-json\/wp\/v2\/pages\/7944#wpcf7-f7963-o1\" method=\"post\" class=\"wpcf7-form init\" aria-label=\"Contact form\" novalidate=\"novalidate\" data-status=\"init\">\n<fieldset class=\"hidden-fields-container\"><input type=\"hidden\" name=\"_wpcf7\" value=\"7963\" \/><input type=\"hidden\" name=\"_wpcf7_version\" value=\"6.1.1\" \/><input type=\"hidden\" name=\"_wpcf7_locale\" value=\"en_US\" \/><input type=\"hidden\" name=\"_wpcf7_unit_tag\" value=\"wpcf7-f7963-o1\" \/><input type=\"hidden\" name=\"_wpcf7_container_post\" value=\"0\" \/><input type=\"hidden\" name=\"_wpcf7_posted_data_hash\" value=\"\" \/>\n<\/fieldset>\n<p><span class=\"wpcf7-form-control-wrap\" data-name=\"text-931\"><input size=\"40\" maxlength=\"400\" class=\"wpcf7-form-control wpcf7-text\" aria-invalid=\"false\" value=\"Name\" type=\"text\" name=\"text-931\" \/><\/span><br \/>\n<span class=\"wpcf7-form-control-wrap\" data-name=\"email-subscribe\"><input size=\"40\" maxlength=\"400\" class=\"wpcf7-form-control wpcf7-email wpcf7-validates-as-required wpcf7-text wpcf7-validates-as-email\" aria-required=\"true\" aria-invalid=\"false\" placeholder=\"e-mail\" value=\"\" type=\"email\" name=\"email-subscribe\" \/><\/span><br \/>\n<input class=\"wpcf7-form-control wpcf7-submit has-spinner\" type=\"submit\" value=\"Apply\" \/>\n<\/p><div class=\"wpcf7-response-output\" aria-hidden=\"true\"><\/div>\n<\/form>\n<\/div>\n<\/div>[\/vc_column_inner][\/vc_row_inner][vc_empty_space height=&#8221;40px&#8221;][vc_separator css=&#8221;&#8221;][vc_empty_space height=&#8221;100px&#8221;][vc_row_inner][vc_column_inner width=&#8221;1\/2&#8243;][vc_empty_space height=&#8221;40px&#8221;][vc_column_text css=&#8221;&#8221;]<\/p>\n<blockquote><p>&nbsp;<\/p>\n<h4 style=\"text-align: left;\"><em><span style=\"color: #000000;\">&#8220;I deeply believe that we all have a light that the world needs. This program is my way of supporting those who are ready to ignite it. I do not seek perfection, but truth, dedication, and heart.&#8221;<\/span><\/em><\/h4>\n<p style=\"text-align: right;\"><span style=\"color: #000000;\">Fonik F.B.<\/span><\/p>\n<\/blockquote>\n<p>[\/vc_column_text][\/vc_column_inner][vc_column_inner width=&#8221;1\/2&#8243;][vc_single_image image=&#8221;7945&#8243; img_size=&#8221;400&#8243; alignment=&#8221;center&#8221; style=&#8221;vc_box_rounded&#8221; css=&#8221;&#8221;][\/vc_column_inner][\/vc_row_inner][vc_row_inner][vc_column_inner][vc_empty_space height=&#8221;40px&#8221;][vc_separator css=&#8221;&#8221;][vc_empty_space height=&#8221;40px&#8221;][\/vc_column_inner][\/vc_row_inner][vc_row_inner][vc_column_inner width=&#8221;1\/2&#8243;][vc_empty_space height=&#8221;40px&#8221;]<header class=\"kd-section-title col-lg-12 text-center   gold-text \" ><h2 class=\"separator_off\" >PROGRAM FORMAT<\/h2><\/header><div class=\"key-icon-box icon-default icon-top cont-center ib-no-effect   texto-plata\" style=\"background-color: transparent;\" ><i class=\"\" style=\" \"><\/i> <p >Duration: 6 months (renewable)<br \/>\n\u2022 Modality: Hybrid (virtual + in-person)<br \/>\n\u2022 Meetings: 2 per month + special activities<br \/>\n\u2022 Cost: Free for selected participants (mentoring is an act of service)<\/p><\/div>[\/vc_column_inner][vc_column_inner width=&#8221;1\/2&#8243;][vc_empty_space height=&#8221;40px&#8221;]<header class=\"kd-section-title col-lg-12 text-center   gold-text \" ><h2 class=\"separator_off\" >Graduates of the Phoenix Order<\/h2><\/header><div class=\"key-icon-box icon-default icon-top cont-center ib-no-effect   texto-plata\" style=\"background-color: transparent;\" ><i class=\"\" style=\" \"><\/i> <p >Graduates of the program become ambassadors of the Phoenix Order, social leaders, and well-rounded human beings who inspire by example. Some join the corporation\u2019s permanent team or start their own impactful projects. <\/p><\/div>[\/vc_column_inner][\/vc_row_inner][vc_empty_space height=&#8221;80px&#8221;][vc_separator css=&#8221;&#8221;][vc_empty_space height=&#8221;30px&#8221;][vc_column_text css=&#8221;&#8221; el_class=&#8221;gold-text&#8221;]<\/p>\n<h4 style=\"text-align: center;\"><span style=\"color: #000000;\">From the ashes rise those who choose to transform their fire into light.<\/span><\/h4>\n<p>[\/vc_column_text][vc_empty_space height=&#8221;30px&#8221;][vc_separator css=&#8221;&#8221;][vc_empty_space height=&#8221;80px&#8221;][vc_row_inner][vc_column_inner width=&#8221;1\/2&#8243;][vc_empty_space height=&#8221;40px&#8221;]<header class=\"kd-section-title col-lg-12 text-center   gold-text \" ><h2 class=\"separator_off\" >WHAT MEMBERS OF THE ORDER RECEIVE?<\/h2><\/header><div class=\"key-icon-box icon-default icon-top cont-center ib-no-effect   texto-plata\" style=\"background-color: transparent;\" ><i class=\"\" style=\" \"><\/i> <p >\u2022 Mentor\u00edas privadas y grupales mensuales con el CEO de Fonik Corporation.<br \/>\n\u2022 Entrenamiento f\u00edsico personalizado y h\u00e1bitos saludables.<br \/>\n\u2022 Formaci\u00f3n en liderazgo, inteligencia emocional, \u00e9tica, visi\u00f3n y prop\u00f3sito.<br \/>\n\u2022 Pr\u00e1cticas espirituales: meditaci\u00f3n, respiraci\u00f3n consciente, conexi\u00f3n interior.<br \/>\n\u2022 Retiro presencial anual con actividades de transformaci\u00f3n profunda.<br \/>\n\u2022 Participaci\u00f3n activa en misiones reales de ayuda social.<br \/>\n\u2022 Acompa\u00f1amiento personal durante el proceso completo.<\/p><\/div>[\/vc_column_inner][vc_column_inner width=&#8221;1\/2&#8243;][vc_empty_space height=&#8221;40px&#8221;]<header class=\"kd-section-title col-lg-12 text-center   gold-text \" ><h2 class=\"separator_off\" >PATH AND FUTURE<\/h2><\/header><div class=\"key-icon-box icon-default icon-top cont-center ib-no-effect   texto-plata\" style=\"background-color: transparent;\" ><i class=\"\" style=\" \"><\/i> <p >Los miembros de La Orden del F\u00e9nix se convierten en:<br \/>\n\u2022 Embajadores oficiales de Fonik Corporation.<br \/>\n\u2022 Mentores y l\u00edderes dentro de las misiones de la organizaci\u00f3n.<br \/>\n\u2022 Voces activas de transformaci\u00f3n en sus comunidades.<br \/>\n\u2022 Hacedores de proyectos sociales, art\u00edsticos, educativos y espirituales.<br \/>\n\u2022 Personas que eligen vivir con prop\u00f3sito, poder interior y compasi\u00f3n.<\/p><\/div>[\/vc_column_inner][\/vc_row_inner][vc_empty_space height=&#8221;40px&#8221;][vc_separator css=&#8221;&#8221;][vc_empty_space height=&#8221;100px&#8221;][vc_row_inner][vc_column_inner width=&#8221;1\/2&#8243;][vc_single_image image=&#8221;7947&#8243; img_size=&#8221;400&#8243; alignment=&#8221;center&#8221; style=&#8221;vc_box_rounded&#8221; css=&#8221;&#8221;][\/vc_column_inner][vc_column_inner width=&#8221;1\/2&#8243;][vc_empty_space height=&#8221;40px&#8221;][vc_column_text css=&#8221;&#8221;]<\/p>\n<blockquote><p>&nbsp;<\/p>\n<h4 style=\"text-align: left;\">&#8220;I deeply believe in the power of personal transformation. The Phoenix Order is for those who are ready to be reborn from within, challenge themselves, and be a light for others. This is my commitment to you, to the people, and to the soul of this mission.&#8221;<\/h4>\n<p style=\"text-align: right;\"><span style=\"color: #000000;\">Fonik F.B.<\/span><\/p>\n<\/blockquote>\n<p>[\/vc_column_text][\/vc_column_inner][\/vc_row_inner][vc_empty_space height=&#8221;60px&#8221;][vc_separator css=&#8221;&#8221;][vc_empty_space height=&#8221;40px&#8221;][vc_row_inner][vc_column_inner width=&#8221;1\/2&#8243;]<header class=\"kd-section-title col-lg-12 text-center   gold-text \" ><h2 class=\"separator_off\" >Apply here<\/h2><\/header><div class=\"kd-contact-form full-width-cf\" >\n<div class=\"wpcf7 no-js\" id=\"wpcf7-f7963-o2\" lang=\"en-US\" dir=\"ltr\" data-wpcf7-id=\"7963\">\n<div class=\"screen-reader-response\"><p role=\"status\" aria-live=\"polite\" aria-atomic=\"true\"><\/p> <ul><\/ul><\/div>\n<form action=\"\/en\/wp-json\/wp\/v2\/pages\/7944#wpcf7-f7963-o2\" method=\"post\" class=\"wpcf7-form init\" aria-label=\"Contact form\" novalidate=\"novalidate\" data-status=\"init\">\n<fieldset class=\"hidden-fields-container\"><input type=\"hidden\" name=\"_wpcf7\" value=\"7963\" \/><input type=\"hidden\" name=\"_wpcf7_version\" value=\"6.1.1\" \/><input type=\"hidden\" name=\"_wpcf7_locale\" value=\"en_US\" \/><input type=\"hidden\" name=\"_wpcf7_unit_tag\" value=\"wpcf7-f7963-o2\" \/><input type=\"hidden\" name=\"_wpcf7_container_post\" value=\"0\" \/><input type=\"hidden\" name=\"_wpcf7_posted_data_hash\" value=\"\" \/>\n<\/fieldset>\n<p><span class=\"wpcf7-form-control-wrap\" data-name=\"text-931\"><input size=\"40\" maxlength=\"400\" class=\"wpcf7-form-control wpcf7-text\" aria-invalid=\"false\" value=\"Name\" type=\"text\" name=\"text-931\" \/><\/span><br \/>\n<span class=\"wpcf7-form-control-wrap\" data-name=\"email-subscribe\"><input size=\"40\" maxlength=\"400\" class=\"wpcf7-form-control wpcf7-email wpcf7-validates-as-required wpcf7-text wpcf7-validates-as-email\" aria-required=\"true\" aria-invalid=\"false\" placeholder=\"e-mail\" value=\"\" type=\"email\" name=\"email-subscribe\" \/><\/span><br \/>\n<input class=\"wpcf7-form-control wpcf7-submit has-spinner\" type=\"submit\" value=\"Apply\" \/>\n<\/p><div class=\"wpcf7-response-output\" aria-hidden=\"true\"><\/div>\n<\/form>\n<\/div>\n<\/div>[\/vc_column_inner][vc_column_inner width=&#8221;1\/2&#8243;][vc_empty_space height=&#8221;60px&#8221;]<header class=\"kd-section-title col-lg-12 text-center   gold-text \" ><h2 class=\"separator_off\" >ARE YOU READY TO JOIN THE PHOENIX ORDER?<\/h2><\/header><div class=\"key-icon-box icon-default icon-top cont-center ib-no-effect   texto-plata\" style=\"background-color: transparent;\" ><i class=\"\" style=\" \"><\/i> <p >No todos est\u00e1n preparados. Pero si algo dentro de ti arde con el deseo de crecer, servir y renacer\u2026 entonces este llamado es para ti.<\/p><\/div>[\/vc_column_inner][\/vc_row_inner][vc_row_inner][vc_column_inner][vc_empty_space height=&#8221;80px&#8221;][\/vc_column_inner][\/vc_row_inner][\/vc_column][\/vc_row]<\/p>\n<\/div>","protected":false},"excerpt":{"rendered":"<p>[vc_row full_width=&#8221;stretch_row&#8221; kd_fixed_background=&#8221;true&#8221; css=&#8221;.vc_custom_1757304281217{margin-top: -60px !important;margin-bottom: -100px !important;background-image: url(https:\/\/fonikcorporation.com\/wp-content\/uploads\/2025\/09\/fondo4.png?id=7656) !important;background-position: center !important;background-repeat: no-repeat !important;background-size: cover !important;}&#8221; top_section_title=&#8221;&#8221; bottom_section_title=&#8221;&#8221;][vc_column][vc_row_inner][vc_column_inner][vc_empty_space height=&#8221;160px&#8221;][\/vc_column_inner][\/vc_row_inner][vc_row_inner][vc_column_inner width=&#8221;1\/4&#8243;][\/vc_column_inner][vc_column_inner [&hellip;]<\/p>\n","protected":false},"author":1,"featured_media":7941,"parent":0,"menu_order":0,"comment_status":"closed","ping_status":"closed","template":"","meta":{"footnotes":""},"class_list":["post-7944","page","type-page","status-publish","has-post-thumbnail","hentry"],"_links":{"self":[{"href":"https:\/\/fonikcorporation.com\/en\/wp-json\/wp\/v2\/pages\/7944","targetHints":{"allow":["GET"]}}],"collection":[{"href":"https:\/\/fonikcorporation.com\/en\/wp-json\/wp\/v2\/pages"}],"about":[{"href":"https:\/\/fonikcorporation.com\/en\/wp-json\/wp\/v2\/types\/page"}],"author":[{"embeddable":true,"href":"https:\/\/fonikcorporation.com\/en\/wp-json\/wp\/v2\/users\/1"}],"replies":[{"embeddable":true,"href":"https:\/\/fonikcorporation.com\/en\/wp-json\/wp\/v2\/comments?post=7944"}],"version-history":[{"count":3,"href":"https:\/\/fonikcorporation.com\/en\/wp-json\/wp\/v2\/pages\/7944\/revisions"}],"predecessor-version":[{"id":7950,"href":"https:\/\/fonikcorporation.com\/en\/wp-json\/wp\/v2\/pages\/7944\/revisions\/7950"}],"wp:featuredmedia":[{"embeddable":true,"href":"https:\/\/fonikcorporation.com\/en\/wp-json\/wp\/v2\/media\/7941"}],"wp:attachment":[{"href":"https:\/\/fonikcorporation.com\/en\/wp-json\/wp\/v2\/media?parent=7944"}],"curies":[{"name":"wp","href":"https:\/\/api.w.org\/{rel}","templated":true}]}}